{"id":117,"date":"2023-02-03T08:54:01","date_gmt":"2023-02-03T07:54:01","guid":{"rendered":"https:\/\/roulottes-de-meaudre.fr\/?page_id=117"},"modified":"2025-09-22T11:58:50","modified_gmt":"2025-09-22T10:58:50","slug":"contact","status":"publish","type":"page","link":"https:\/\/roulottes-de-meaudre.fr\/wordpress\/contact\/","title":{"rendered":"contact"},"content":{"rendered":"\t\t<div data-elementor-type=\"wp-page\" data-elementor-id=\"117\" class=\"elementor elementor-117\">\n\t\t\t\t\t\t<section class=\"elementor-section elementor-top-section elementor-element elementor-element-a70e586 elementor-section-boxed elementor-section-height-default elementor-section-height-default\" data-id=\"a70e586\" data-element_type=\"section\" data-e-type=\"section\">\n\t\t\t\t\t\t<div class=\"elementor-container elementor-column-gap-default\">\n\t\t\t\t\t<div class=\"elementor-column elementor-col-50 elementor-top-column elementor-element elementor-element-7937693\" data-id=\"7937693\" data-element_type=\"column\" data-e-type=\"column\">\n\t\t\t<div class=\"elementor-widget-wrap elementor-element-populated\">\n\t\t\t\t\t\t<div class=\"elementor-element elementor-element-bdefed0 elementor-widget elementor-widget-google_maps\" data-id=\"bdefed0\" data-element_type=\"widget\" data-e-type=\"widget\" data-widget_type=\"google_maps.default\">\n\t\t\t\t<div class=\"elementor-widget-container\">\n\t\t\t\t\t\t\t<div class=\"elementor-custom-embed\">\n\t\t\t<iframe loading=\"lazy\"\n\t\t\t\t\tsrc=\"https:\/\/maps.google.com\/maps?q=impasse%20des%20enversins&#038;t=m&#038;z=11&#038;output=embed&#038;iwloc=near\"\n\t\t\t\t\ttitle=\"impasse des enversins\"\n\t\t\t\t\taria-label=\"impasse des enversins\"\n\t\t\t><\/iframe>\n\t\t<\/div>\n\t\t\t\t\t\t<\/div>\n\t\t\t\t<\/div>\n\t\t\t\t\t<\/div>\n\t\t<\/div>\n\t\t\t\t<div class=\"elementor-column elementor-col-50 elementor-top-column elementor-element elementor-element-926ee61\" data-id=\"926ee61\" data-element_type=\"column\" data-e-type=\"column\">\n\t\t\t<div class=\"elementor-widget-wrap elementor-element-populated\">\n\t\t\t\t\t\t<div class=\"elementor-element elementor-element-7c1ecd9 elementor-widget elementor-widget-wpforms\" data-id=\"7c1ecd9\" data-element_type=\"widget\" data-e-type=\"widget\" data-widget_type=\"wpforms.default\">\n\t\t\t\t<div class=\"elementor-widget-container\">\n\t\t\t\t\t<div class=\"wpforms-container wpforms-container-full\" id=\"wpforms-355\"><form id=\"wpforms-form-355\" class=\"wpforms-validate wpforms-form wpforms-ajax-form\" data-formid=\"355\" method=\"post\" enctype=\"multipart\/form-data\" action=\"\/wordpress\/wp-json\/wp\/v2\/pages\/117\" data-token=\"04b4d8ed6a28cc6262637dfa926a876b\" data-token-time=\"1777477990\"><noscript class=\"wpforms-error-noscript\">Veuillez activer JavaScript dans votre navigateur pour remplir ce formulaire.<\/noscript><div class=\"wpforms-field-container\"><div id=\"wpforms-355-field_0-container\" class=\"wpforms-field wpforms-field-name\" data-field-id=\"0\"><label class=\"wpforms-field-label\">Nom <span class=\"wpforms-required-label\">*<\/span><\/label><div class=\"wpforms-field-row wpforms-field-medium\"><div class=\"wpforms-field-row-block wpforms-first wpforms-one-half\"><input type=\"text\" id=\"wpforms-355-field_0\" class=\"wpforms-field-name-first wpforms-field-required\" name=\"wpforms[fields][0][first]\" required><label for=\"wpforms-355-field_0\" class=\"wpforms-field-sublabel after\">Pr\u00e9nom<\/label><\/div><div class=\"wpforms-field-row-block wpforms-one-half\"><input type=\"text\" id=\"wpforms-355-field_0-last\" class=\"wpforms-field-name-last wpforms-field-required\" name=\"wpforms[fields][0][last]\" required><label for=\"wpforms-355-field_0-last\" class=\"wpforms-field-sublabel after\">Nom<\/label><\/div><\/div><\/div><div id=\"wpforms-355-field_1-container\" class=\"wpforms-field wpforms-field-email\" data-field-id=\"1\"><label class=\"wpforms-field-label\" for=\"wpforms-355-field_1\">E-mail <span class=\"wpforms-required-label\">*<\/span><\/label><input type=\"email\" id=\"wpforms-355-field_1\" class=\"wpforms-field-medium wpforms-field-required\" name=\"wpforms[fields][1]\" spellcheck=\"false\" required><\/div><div id=\"wpforms-355-field_3-container\" class=\"wpforms-field wpforms-field-text\" data-field-id=\"3\"><label class=\"wpforms-field-label\" for=\"wpforms-355-field_3\">T\u00e9l\u00e9phone<\/label><input type=\"text\" id=\"wpforms-355-field_3\" class=\"wpforms-field-medium\" name=\"wpforms[fields][3]\" ><\/div><div id=\"wpforms-355-field_2-container\" class=\"wpforms-field wpforms-field-textarea\" data-field-id=\"2\"><label class=\"wpforms-field-label\" for=\"wpforms-355-field_2\">Commentaire ou message<\/label><textarea id=\"wpforms-355-field_2\" class=\"wpforms-field-medium\" name=\"wpforms[fields][2]\" ><\/textarea><\/div><\/div><!-- .wpforms-field-container --><div class=\"wpforms-submit-container\" ><input type=\"hidden\" name=\"wpforms[id]\" value=\"355\"><input type=\"hidden\" name=\"page_title\" value=\"\"><input type=\"hidden\" name=\"page_url\" value=\"https:\/\/roulottes-de-meaudre.fr\/wordpress\/wp-json\/wp\/v2\/pages\/117\"><input type=\"hidden\" name=\"url_referer\" value=\"\"><button type=\"submit\" name=\"wpforms[submit]\" id=\"wpforms-submit-355\" class=\"wpforms-submit\" data-alt-text=\"Envoi...\" data-submit-text=\"Envoyer\" aria-live=\"assertive\" value=\"wpforms-submit\">Envoyer<\/button><img decoding=\"async\" src=\"https:\/\/roulottes-de-meaudre.fr\/wordpress\/wp-content\/plugins\/wpforms-lite\/assets\/images\/submit-spin.svg\" class=\"wpforms-submit-spinner\" style=\"display: none;\" width=\"26\" height=\"26\" alt=\"Chargement en cours\"><\/div><\/form><\/div>  <!-- .wpforms-container -->\t\t\t\t<\/div>\n\t\t\t\t<\/div>\n\t\t\t\t\t<\/div>\n\t\t<\/div>\n\t\t\t\t\t<\/div>\n\t\t<\/section>\n\t\t\t\t<\/div>\n\t\t","protected":false},"excerpt":{"rendered":"<p>Veuillez activer JavaScript dans votre navigateur pour remplir ce formulaire.Nom *Pr\u00e9nomNomE-mail *T\u00e9l\u00e9phoneCommentaire ou message Envoyer<\/p>\n","protected":false},"author":1,"featured_media":0,"parent":0,"menu_order":0,"comment_status":"closed","ping_status":"closed","template":"","meta":{"site-sidebar-layout":"no-sidebar","site-content-layout":"page-builder","ast-global-header-display":"","ast-main-header-display":"","ast-hfb-above-header-display":"","ast-hfb-below-header-display":"","ast-hfb-mobile-header-display":"","site-post-title":"disabled","ast-breadcrumbs-content":"","ast-featured-img":"disabled","footer-sml-layout":"","theme-transparent-header-meta":"","adv-header-id-meta":"","stick-header-meta":"","header-above-stick-meta":"","header-main-stick-meta":"","header-below-stick-meta":"","footnotes":""},"class_list":["post-117","page","type-page","status-publish","hentry"],"yoast_head":"<!-- This site is optimized with the Yoast SEO plugin v27.4 - https:\/\/yoast.com\/product\/yoast-seo-wordpress\/ -->\n<title>contact - Les Roulottes de M\u00e9audre - Vercors<\/title>\n<meta name=\"robots\" content=\"index, follow, max-snippet:-1, max-image-preview:large, max-video-preview:-1\" \/>\n<link rel=\"canonical\" href=\"https:\/\/roulottes-de-meaudre.fr\/wordpress\/contact\/\" \/>\n<meta property=\"og:locale\" content=\"fr_FR\" \/>\n<meta property=\"og:type\" content=\"article\" \/>\n<meta property=\"og:title\" content=\"contact - Les Roulottes de M\u00e9audre - Vercors\" \/>\n<meta property=\"og:description\" content=\"Veuillez activer JavaScript dans votre navigateur pour remplir ce formulaire.Nom *Pr\u00e9nomNomE-mail *T\u00e9l\u00e9phoneCommentaire ou message Envoyer\" \/>\n<meta property=\"og:url\" content=\"https:\/\/roulottes-de-meaudre.fr\/wordpress\/contact\/\" \/>\n<meta property=\"og:site_name\" content=\"Les Roulottes de M\u00e9audre - Vercors\" \/>\n<meta property=\"article:modified_time\" content=\"2025-09-22T10:58:50+00:00\" \/>\n<meta property=\"og:image\" content=\"https:\/\/roulottes-de-meaudre.fr\/wordpress\/wp-content\/plugins\/wpforms-lite\/assets\/images\/submit-spin.svg\" \/>\n<meta name=\"twitter:label1\" content=\"Dur\u00e9e de lecture estim\u00e9e\" \/>\n\t<meta name=\"twitter:data1\" content=\"1 minute\" \/>\n<script type=\"application\/ld+json\" class=\"yoast-schema-graph\">{\"@context\":\"https:\\\/\\\/schema.org\",\"@graph\":[{\"@type\":\"WebPage\",\"@id\":\"https:\\\/\\\/roulottes-de-meaudre.fr\\\/wordpress\\\/contact\\\/\",\"url\":\"https:\\\/\\\/roulottes-de-meaudre.fr\\\/wordpress\\\/contact\\\/\",\"name\":\"contact - Les Roulottes de M\u00e9audre - Vercors\",\"isPartOf\":{\"@id\":\"https:\\\/\\\/roulottes-de-meaudre.fr\\\/wordpress\\\/#website\"},\"primaryImageOfPage\":{\"@id\":\"https:\\\/\\\/roulottes-de-meaudre.fr\\\/wordpress\\\/contact\\\/#primaryimage\"},\"image\":{\"@id\":\"https:\\\/\\\/roulottes-de-meaudre.fr\\\/wordpress\\\/contact\\\/#primaryimage\"},\"thumbnailUrl\":\"https:\\\/\\\/roulottes-de-meaudre.fr\\\/wordpress\\\/wp-content\\\/plugins\\\/wpforms-lite\\\/assets\\\/images\\\/submit-spin.svg\",\"datePublished\":\"2023-02-03T07:54:01+00:00\",\"dateModified\":\"2025-09-22T10:58:50+00:00\",\"breadcrumb\":{\"@id\":\"https:\\\/\\\/roulottes-de-meaudre.fr\\\/wordpress\\\/contact\\\/#breadcrumb\"},\"inLanguage\":\"fr-FR\",\"potentialAction\":[{\"@type\":\"ReadAction\",\"target\":[\"https:\\\/\\\/roulottes-de-meaudre.fr\\\/wordpress\\\/contact\\\/\"]}]},{\"@type\":\"ImageObject\",\"inLanguage\":\"fr-FR\",\"@id\":\"https:\\\/\\\/roulottes-de-meaudre.fr\\\/wordpress\\\/contact\\\/#primaryimage\",\"url\":\"https:\\\/\\\/roulottes-de-meaudre.fr\\\/wordpress\\\/wp-content\\\/plugins\\\/wpforms-lite\\\/assets\\\/images\\\/submit-spin.svg\",\"contentUrl\":\"https:\\\/\\\/roulottes-de-meaudre.fr\\\/wordpress\\\/wp-content\\\/plugins\\\/wpforms-lite\\\/assets\\\/images\\\/submit-spin.svg\"},{\"@type\":\"BreadcrumbList\",\"@id\":\"https:\\\/\\\/roulottes-de-meaudre.fr\\\/wordpress\\\/contact\\\/#breadcrumb\",\"itemListElement\":[{\"@type\":\"ListItem\",\"position\":1,\"name\":\"Accueil\",\"item\":\"https:\\\/\\\/roulottes-de-meaudre.fr\\\/wordpress\\\/\"},{\"@type\":\"ListItem\",\"position\":2,\"name\":\"contact\"}]},{\"@type\":\"WebSite\",\"@id\":\"https:\\\/\\\/roulottes-de-meaudre.fr\\\/wordpress\\\/#website\",\"url\":\"https:\\\/\\\/roulottes-de-meaudre.fr\\\/wordpress\\\/\",\"name\":\"Les Roulottes de M\u00e9audre - Vercors\",\"description\":\"h\u00e9bergements insolites en pleine nature\",\"potentialAction\":[{\"@type\":\"SearchAction\",\"target\":{\"@type\":\"EntryPoint\",\"urlTemplate\":\"https:\\\/\\\/roulottes-de-meaudre.fr\\\/wordpress\\\/?s={search_term_string}\"},\"query-input\":{\"@type\":\"PropertyValueSpecification\",\"valueRequired\":true,\"valueName\":\"search_term_string\"}}],\"inLanguage\":\"fr-FR\"}]}<\/script>\n<!-- \/ Yoast SEO plugin. -->","yoast_head_json":{"title":"contact - Les Roulottes de M\u00e9audre - Vercors","robots":{"index":"index","follow":"follow","max-snippet":"max-snippet:-1","max-image-preview":"max-image-preview:large","max-video-preview":"max-video-preview:-1"},"canonical":"https:\/\/roulottes-de-meaudre.fr\/wordpress\/contact\/","og_locale":"fr_FR","og_type":"article","og_title":"contact - Les Roulottes de M\u00e9audre - Vercors","og_description":"Veuillez activer JavaScript dans votre navigateur pour remplir ce formulaire.Nom *Pr\u00e9nomNomE-mail *T\u00e9l\u00e9phoneCommentaire ou message Envoyer","og_url":"https:\/\/roulottes-de-meaudre.fr\/wordpress\/contact\/","og_site_name":"Les Roulottes de M\u00e9audre - Vercors","article_modified_time":"2025-09-22T10:58:50+00:00","og_image":[{"url":"https:\/\/roulottes-de-meaudre.fr\/wordpress\/wp-content\/plugins\/wpforms-lite\/assets\/images\/submit-spin.svg","type":"","width":"","height":""}],"twitter_misc":{"Dur\u00e9e de lecture estim\u00e9e":"1 minute"},"schema":{"@context":"https:\/\/schema.org","@graph":[{"@type":"WebPage","@id":"https:\/\/roulottes-de-meaudre.fr\/wordpress\/contact\/","url":"https:\/\/roulottes-de-meaudre.fr\/wordpress\/contact\/","name":"contact - Les Roulottes de M\u00e9audre - Vercors","isPartOf":{"@id":"https:\/\/roulottes-de-meaudre.fr\/wordpress\/#website"},"primaryImageOfPage":{"@id":"https:\/\/roulottes-de-meaudre.fr\/wordpress\/contact\/#primaryimage"},"image":{"@id":"https:\/\/roulottes-de-meaudre.fr\/wordpress\/contact\/#primaryimage"},"thumbnailUrl":"https:\/\/roulottes-de-meaudre.fr\/wordpress\/wp-content\/plugins\/wpforms-lite\/assets\/images\/submit-spin.svg","datePublished":"2023-02-03T07:54:01+00:00","dateModified":"2025-09-22T10:58:50+00:00","breadcrumb":{"@id":"https:\/\/roulottes-de-meaudre.fr\/wordpress\/contact\/#breadcrumb"},"inLanguage":"fr-FR","potentialAction":[{"@type":"ReadAction","target":["https:\/\/roulottes-de-meaudre.fr\/wordpress\/contact\/"]}]},{"@type":"ImageObject","inLanguage":"fr-FR","@id":"https:\/\/roulottes-de-meaudre.fr\/wordpress\/contact\/#primaryimage","url":"https:\/\/roulottes-de-meaudre.fr\/wordpress\/wp-content\/plugins\/wpforms-lite\/assets\/images\/submit-spin.svg","contentUrl":"https:\/\/roulottes-de-meaudre.fr\/wordpress\/wp-content\/plugins\/wpforms-lite\/assets\/images\/submit-spin.svg"},{"@type":"BreadcrumbList","@id":"https:\/\/roulottes-de-meaudre.fr\/wordpress\/contact\/#breadcrumb","itemListElement":[{"@type":"ListItem","position":1,"name":"Accueil","item":"https:\/\/roulottes-de-meaudre.fr\/wordpress\/"},{"@type":"ListItem","position":2,"name":"contact"}]},{"@type":"WebSite","@id":"https:\/\/roulottes-de-meaudre.fr\/wordpress\/#website","url":"https:\/\/roulottes-de-meaudre.fr\/wordpress\/","name":"Les Roulottes de M\u00e9audre - Vercors","description":"h\u00e9bergements insolites en pleine nature","potentialAction":[{"@type":"SearchAction","target":{"@type":"EntryPoint","urlTemplate":"https:\/\/roulottes-de-meaudre.fr\/wordpress\/?s={search_term_string}"},"query-input":{"@type":"PropertyValueSpecification","valueRequired":true,"valueName":"search_term_string"}}],"inLanguage":"fr-FR"}]}},"_links":{"self":[{"href":"https:\/\/roulottes-de-meaudre.fr\/wordpress\/wp-json\/wp\/v2\/pages\/117","targetHints":{"allow":["GET"]}}],"collection":[{"href":"https:\/\/roulottes-de-meaudre.fr\/wordpress\/wp-json\/wp\/v2\/pages"}],"about":[{"href":"https:\/\/roulottes-de-meaudre.fr\/wordpress\/wp-json\/wp\/v2\/types\/page"}],"author":[{"embeddable":true,"href":"https:\/\/roulottes-de-meaudre.fr\/wordpress\/wp-json\/wp\/v2\/users\/1"}],"replies":[{"embeddable":true,"href":"https:\/\/roulottes-de-meaudre.fr\/wordpress\/wp-json\/wp\/v2\/comments?post=117"}],"version-history":[{"count":28,"href":"https:\/\/roulottes-de-meaudre.fr\/wordpress\/wp-json\/wp\/v2\/pages\/117\/revisions"}],"predecessor-version":[{"id":628,"href":"https:\/\/roulottes-de-meaudre.fr\/wordpress\/wp-json\/wp\/v2\/pages\/117\/revisions\/628"}],"wp:attachment":[{"href":"https:\/\/roulottes-de-meaudre.fr\/wordpress\/wp-json\/wp\/v2\/media?parent=117"}],"curies":[{"name":"wp","href":"https:\/\/api.w.org\/{rel}","templated":true}]}}